{"id":41,"date":"2025-12-31T10:49:01","date_gmt":"2025-12-31T10:49:01","guid":{"rendered":"https:\/\/onkologie-bellevue.ch\/?page_id=41"},"modified":"2026-04-16T21:24:40","modified_gmt":"2026-04-16T19:24:40","slug":"contact","status":"publish","type":"page","link":"https:\/\/onkologie-bellevue.ch\/index.php\/contact\/","title":{"rendered":"Kontakt"},"content":{"rendered":"\n<div class=\"wp-block-cover is-light\" style=\"min-height:140px;aspect-ratio:unset;\"><img loading=\"lazy\" decoding=\"async\" width=\"2560\" height=\"510\" class=\"wp-block-cover__image-background wp-image-413 size-full\" alt=\"\" src=\"https:\/\/onkologie-bellevue.ch\/wp-content\/uploads\/2026\/01\/menu-pic-kontakt-scaled.png\" data-object-fit=\"cover\" srcset=\"https:\/\/onkologie-bellevue.ch\/wp-content\/uploads\/2026\/01\/menu-pic-kontakt-scaled.png 2560w, https:\/\/onkologie-bellevue.ch\/wp-content\/uploads\/2026\/01\/menu-pic-kontakt-300x60.png 300w, https:\/\/onkologie-bellevue.ch\/wp-content\/uploads\/2026\/01\/menu-pic-kontakt-1024x204.png 1024w, https:\/\/onkologie-bellevue.ch\/wp-content\/uploads\/2026\/01\/menu-pic-kontakt-768x153.png 768w, https:\/\/onkologie-bellevue.ch\/wp-content\/uploads\/2026\/01\/menu-pic-kontakt-1536x306.png 1536w, https:\/\/onkologie-bellevue.ch\/wp-content\/uploads\/2026\/01\/menu-pic-kontakt-2048x408.png 2048w\" sizes=\"auto, (max-width: 2560px) 100vw, 2560px\" \/><span aria-hidden=\"true\" class=\"wp-block-cover__background has-background-dim\" style=\"background-color:#6d86a1\"><\/span><div class=\"wp-block-cover__inner-container is-layout-constrained wp-block-cover-is-layout-constrained\">\n<p class=\"has-text-align-center has-large-font-size\"><\/p>\n<\/div><\/div>\n\n\n\n<div style=\"height:66px\" aria-hidden=\"true\" class=\"wp-block-spacer\"><\/div>\n\n\n\n<div class=\"wp-block-advgb-adv-tabs advgb-tabs-wrapper advgb-tab-horz-desktop advgb-tab-vert-tablet advgb-tab-stack-mobile advgb-tabs-00496d6a-c025-4469-ad6a-f03d975c36a8\" data-tab-active=\"0\"><ul class=\"advgb-tabs-panel\" role=\"tablist\"><li class=\"advgb-tab advgb-tab-active\" role=\"presentation\" style=\"background-color:#e0e0e0;border-style:solid;border-width:1px;border-radius:10px\"><button class=\"advgb-tab-button\" id=\"advgb-tab-_1fbf36-c9-0\" aria-controls=\"advgb-tab-panel-_1fbf36-c9-0\" role=\"tab\" aria-selected=\"true\" tabindex=\"0\" style=\"color:var(--ast-global-color-0);background:none;border:none;width:100%;text-align:inherit;cursor:pointer;padding:8px 16px;font:inherit\"><span>Anmeldung<\/span><\/button><\/li><li class=\"advgb-tab \" role=\"presentation\" style=\"background-color:#e0e0e0;border-style:solid;border-width:1px;border-radius:10px\"><button class=\"advgb-tab-button\" id=\"advgb-tab-_1fbf36-c9-1\" aria-controls=\"advgb-tab-panel-_1fbf36-c9-1\" role=\"tab\" aria-selected=\"false\" tabindex=\"0\" style=\"color:var(--ast-global-color-0);background:none;border:none;width:100%;text-align:inherit;cursor:pointer;padding:8px 16px;font:inherit\"><span><a href=\"oeffnungszeiten.html\">\u00d6ffnungszeiten<\/a><\/span><\/button><\/li><\/ul><div class=\"advgb-tab-body-wrapper\" style=\"border-style:solid;border-width:1px;border-radius:10px\">\n<div class=\"wp-block-advgb-tab advgb-tab-body-container\"><div class=\"advgb-tab-body-header advgb-tab-class- header-active\" id=\"advgb-tab-panel-_1fbf36-c9-0\" role=\"tabpanel\" aria-labelledby=\"advgb-tab-_1fbf36-c9-0\" tabindex=\"0\"><span>Anmeldung<\/span><\/div><div class=\"advgb-tab-_1fbf36-c9 advgb-tab-body\" aria-labelledby=\"advgb-tab-panel-_1fbf36-c9-0\" style=\"display:block\">\n<div class=\"wp-block-columns is-layout-flex wp-container-core-columns-is-layout-28f84493 wp-block-columns-is-layout-flex\">\n<div class=\"wp-block-column is-layout-flow wp-block-column-is-layout-flow\" style=\"flex-basis:66.66%\">\n<p class=\"has-medium-font-size\">Die Zuweisung erfolgt in der Regel schriftlich durch Ihren Hausarzt, Spezialisten oder Spitalarzt. Wir nehmen rasch mit Ihnen Kontakt auf und vereinbaren einen ersten Gespr\u00e4chstermin.<br><br>Bei Wunsch nach einer Zweitmeinung (second opinion) oder fach\u00e4rztlichen Beratung k\u00f6nnen Sie sich telefonisch auch direkt an uns wenden (au\u00dfer Versicherte im Hausarzt-Modell). Bringen Sie in diesem Fall m\u00f6glichst alle notwendigen Unterlagen mit, wie entsprechende Arztberichte, R\u00f6ntgenbilder und weitere Untersuchungsresultate.<br><br>Telefon: +41 (0)44 261 61 11<br><br>Praxis E-Mail: <a href=\"mailto:onkologiebellevue@hin.ch\">onkologiebellevue@hin.ch<\/a><br><br>\u00c4rzte E-Mails: <a href=\"mailto:ursula.kapp@hin.ch\">ursula.kapp@hin.ch<\/a> \/ <a href=\"mailto:bbaettig@hin.ch\">bbaettig@hin.ch<\/a> \/ <a href=\"mailto:carolin.schaefer@hin.ch\">carolin.schaefer@hin.ch<\/a><br><br>F\u00fcr die Aufnahme ben\u00f6tigen wir auch Ihre Krankenkassenkarte. Danke.<\/p>\n<\/div>\n\n\n\n<div class=\"wp-block-column is-layout-flow wp-block-column-is-layout-flow\" style=\"flex-basis:33.33%\">\n<figure class=\"wp-block-image size-full is-resized has-custom-border\"><img loading=\"lazy\" decoding=\"async\" width=\"226\" height=\"226\" src=\"https:\/\/onkologie-bellevue.ch\/wp-content\/uploads\/2026\/01\/praxis.jpg\" alt=\"\" class=\"wp-image-214\" style=\"border-width:1px;border-top-left-radius:5px;border-top-right-radius:5px;border-bottom-left-radius:5px;border-bottom-right-radius:5px;width:281px;height:auto\" srcset=\"https:\/\/onkologie-bellevue.ch\/wp-content\/uploads\/2026\/01\/praxis.jpg 226w, https:\/\/onkologie-bellevue.ch\/wp-content\/uploads\/2026\/01\/praxis-150x150.jpg 150w\" sizes=\"auto, (max-width: 226px) 100vw, 226px\" \/><\/figure>\n<\/div>\n<\/div>\n<\/div><\/div>\n\n\n\n<div class=\"wp-block-advgb-tab advgb-tab-body-container\"><div class=\"advgb-tab-body-header advgb-tab-class- \" id=\"advgb-tab-panel-_1fbf36-c9-1\" role=\"tabpanel\" aria-labelledby=\"advgb-tab-_1fbf36-c9-1\" tabindex=\"0\"><span><a href=\"oeffnungszeiten.html\">\u00d6ffnungszeiten<\/a><\/span><\/div><div class=\"advgb-tab-_1fbf36-c9 advgb-tab-body\" aria-labelledby=\"advgb-tab-panel-_1fbf36-c9-1\" style=\"display:none\">\n<p class=\"has-medium-font-size\"><strong>Notfalldienst<\/strong><br>Au\u00dferhalb der Sprechstunde wenden Sie sich bitte an die \u00c4rztliche Notfallzentrale unter der Telefonnummer +41 (0)44 421 21 21.<\/p>\n\n\n\n<p class=\"has-medium-font-size\"><strong>Onkologie Bellevue<\/strong><br>Stadelhoferstrasse 42<br>CH-8001 Z\u00fcrich<br>Telefon: +41 (0)44 261 61 11<br>Praxis E-Mail: <a href=\"mailto:onkologiebellevue@hin.ch\">onkologiebellevue@hin.ch<\/a><\/p>\n\n\n\n<div class=\"wp-block-columns is-layout-flex wp-container-core-columns-is-layout-28f84493 wp-block-columns-is-layout-flex\">\n<div class=\"wp-block-column is-layout-flow wp-block-column-is-layout-flow\" style=\"flex-basis:50%\">\n<h4 class=\"wp-block-heading\"><strong>Telefonzeiten<\/strong><\/h4>\n\n\n\n<figure class=\"wp-block-table has-medium-font-size\"><table class=\"has-fixed-layout\"><tbody><tr><td>Montag<\/td><td>8:30-12:00 \/ 14:00-16:00<\/td><\/tr><tr><td>Dienstag<\/td><td>8:30-12:00 \/ 14:00-16:30<\/td><\/tr><tr><td>Mittwoch<\/td><td>8:30-12:00 \/ 14:00-16:30<\/td><\/tr><tr><td>Donnerstag<\/td><td>8:30-12:00<\/td><\/tr><tr><td>Freitag<\/td><td>8:30-12:00 \/ 14:00-16:30<\/td><\/tr><\/tbody><\/table><\/figure>\n<\/div>\n\n\n\n<div class=\"wp-block-column is-layout-flow wp-block-column-is-layout-flow\" style=\"flex-basis:50%\">\n<h4 class=\"wp-block-heading\"><strong>Sprechstunden<\/strong><\/h4>\n\n\n\n<figure class=\"wp-block-table has-medium-font-size\"><table class=\"has-fixed-layout\"><tbody><tr><td>Montag<\/td><td>8:00-12:00<\/td><\/tr><tr><td>Dienstag<\/td><td>8:00-12:00 \/ 13:00-18:00<\/td><\/tr><tr><td>Mittwoch<\/td><td>8:00-12:00 \/ 13:00-18:00<\/td><\/tr><tr><td>Donnerstag<\/td><td>8:00-12:00 \/ 13:00-16:00<\/td><\/tr><tr><td>Freitag<\/td><td>8:00-12:00 \/ 13:00-18:00<\/td><\/tr><\/tbody><\/table><\/figure>\n<\/div>\n<\/div>\n<\/div><\/div>\n<\/div><\/div>\n<style class=\"advgb-styles-renderer\">.advgb-tabs-00496d6a-c025-4469-ad6a-f03d975c36a8 ul.advgb-tabs-panel li.advgb-tab.advgb-tab-active {background-color:#5954d6 !important;color:#fff !important;}#advgb-tabs-00496d6a-c025-4469-ad6a-f03d975c36a8 .advgb-tab-body-header.header-active, .advgb-tabs-00496d6a-c025-4469-ad6a-f03d975c36a8 .advgb-tab-body-header.header-active{background-color:#5954d6 !important;color:#fff !important;}<\/style>","protected":false},"excerpt":{"rendered":"","protected":false},"author":1,"featured_media":0,"parent":0,"menu_order":0,"comment_status":"closed","ping_status":"closed","template":"","meta":{"advgb_blocks_editor_width":"","advgb_blocks_columns_visual_guide":"","site-sidebar-layout":"default","site-content-layout":"","ast-site-content-layout":"default","site-content-style":"default","site-sidebar-style":"default","ast-global-header-display":"","ast-banner-title-visibility":"","ast-main-header-display":"","ast-hfb-above-header-display":"","ast-hfb-below-header-display":"","ast-hfb-mobile-header-display":"","site-post-title":"","ast-breadcrumbs-content":"","ast-featured-img":"","footer-sml-layout":"","ast-disable-related-posts":"","theme-transparent-header-meta":"","adv-header-id-meta":"","stick-header-meta":"","header-above-stick-meta":"","header-main-stick-meta":"","header-below-stick-meta":"","astra-migrate-meta-layouts":"default","ast-page-background-enabled":"default","ast-page-background-meta":{"desktop":{"background-color":"var(--ast-global-color-5)","background-image":"","background-repeat":"repeat","background-position":"center center","background-size":"auto","background-attachment":"scroll","background-type":"","background-media":"","overlay-type":"","overlay-color":"","overlay-opacity":"","overlay-gradient":""},"tablet":{"background-color":"","background-image":"","background-repeat":"repeat","background-position":"center center","background-size":"auto","background-attachment":"scroll","background-type":"","background-media":"","overlay-type":"","overlay-color":"","overlay-opacity":"","overlay-gradient":""},"mobile":{"background-color":"","background-image":"","background-repeat":"repeat","background-position":"center center","background-size":"auto","background-attachment":"scroll","background-type":"","background-media":"","overlay-type":"","overlay-color":"","overlay-opacity":"","overlay-gradient":""}},"ast-content-background-meta":{"desktop":{"background-color":"var(--ast-global-color-4)","background-image":"","background-repeat":"repeat","background-position":"center center","background-size":"auto","background-attachment":"scroll","background-type":"","background-media":"","overlay-type":"","overlay-color":"","overlay-opacity":"","overlay-gradient":""},"tablet":{"background-color":"var(--ast-global-color-4)","background-image":"","background-repeat":"repeat","background-position":"center center","background-size":"auto","background-attachment":"scroll","background-type":"","background-media":"","overlay-type":"","overlay-color":"","overlay-opacity":"","overlay-gradient":""},"mobile":{"background-color":"var(--ast-global-color-4)","background-image":"","background-repeat":"repeat","background-position":"center center","background-size":"auto","background-attachment":"scroll","background-type":"","background-media":"","overlay-type":"","overlay-color":"","overlay-opacity":"","overlay-gradient":""}},"footnotes":""},"class_list":["post-41","page","type-page","status-publish","hentry"],"coauthors":[],"author_meta":{"author_link":"https:\/\/onkologie-bellevue.ch\/index.php\/author\/baettigoncologych\/","display_name":"admin"},"relative_dates":{"created":"Ver\u00f6ffentlicht 4\u00a0Monaten vor","modified":"Aktualisiert 2\u00a0Wochen vor"},"absolute_dates":{"created":"Ver\u00f6ffentlicht am 31.12.2025","modified":"Aktualisiert am 16.04.2026"},"absolute_dates_time":{"created":"Ver\u00f6ffentlicht am 31.12.2025 10:49","modified":"Aktualisiert am 16.04.2026 21:24"},"featured_img_caption":"","featured_img":false,"series_order":"","_links":{"self":[{"href":"https:\/\/onkologie-bellevue.ch\/index.php\/wp-json\/wp\/v2\/pages\/41","targetHints":{"allow":["GET"]}}],"collection":[{"href":"https:\/\/onkologie-bellevue.ch\/index.php\/wp-json\/wp\/v2\/pages"}],"about":[{"href":"https:\/\/onkologie-bellevue.ch\/index.php\/wp-json\/wp\/v2\/types\/page"}],"author":[{"embeddable":true,"href":"https:\/\/onkologie-bellevue.ch\/index.php\/wp-json\/wp\/v2\/users\/1"}],"replies":[{"embeddable":true,"href":"https:\/\/onkologie-bellevue.ch\/index.php\/wp-json\/wp\/v2\/comments?post=41"}],"version-history":[{"count":26,"href":"https:\/\/onkologie-bellevue.ch\/index.php\/wp-json\/wp\/v2\/pages\/41\/revisions"}],"predecessor-version":[{"id":611,"href":"https:\/\/onkologie-bellevue.ch\/index.php\/wp-json\/wp\/v2\/pages\/41\/revisions\/611"}],"wp:attachment":[{"href":"https:\/\/onkologie-bellevue.ch\/index.php\/wp-json\/wp\/v2\/media?parent=41"}],"curies":[{"name":"wp","href":"https:\/\/api.w.org\/{rel}","templated":true}]}}