{"id":39,"date":"2025-12-31T10:48:19","date_gmt":"2025-12-31T10:48:19","guid":{"rendered":"https:\/\/onkologie-bellevue.ch\/?page_id=39"},"modified":"2026-01-28T15:25:12","modified_gmt":"2026-01-28T14:25:12","slug":"position","status":"publish","type":"page","link":"https:\/\/onkologie-bellevue.ch\/index.php\/position\/","title":{"rendered":"Lage"},"content":{"rendered":"\n<div class=\"wp-block-cover is-light\" style=\"min-height:140px;aspect-ratio:unset;\"><img loading=\"lazy\" decoding=\"async\" width=\"2560\" height=\"510\" class=\"wp-block-cover__image-background wp-image-416 size-full\" alt=\"\" src=\"https:\/\/onkologie-bellevue.ch\/wp-content\/uploads\/2026\/01\/menu-pic-lage-scaled.png\" data-object-fit=\"cover\" srcset=\"https:\/\/onkologie-bellevue.ch\/wp-content\/uploads\/2026\/01\/menu-pic-lage-scaled.png 2560w, https:\/\/onkologie-bellevue.ch\/wp-content\/uploads\/2026\/01\/menu-pic-lage-300x60.png 300w, https:\/\/onkologie-bellevue.ch\/wp-content\/uploads\/2026\/01\/menu-pic-lage-1024x204.png 1024w, https:\/\/onkologie-bellevue.ch\/wp-content\/uploads\/2026\/01\/menu-pic-lage-768x153.png 768w, https:\/\/onkologie-bellevue.ch\/wp-content\/uploads\/2026\/01\/menu-pic-lage-1536x306.png 1536w, https:\/\/onkologie-bellevue.ch\/wp-content\/uploads\/2026\/01\/menu-pic-lage-2048x408.png 2048w\" sizes=\"auto, (max-width: 2560px) 100vw, 2560px\" \/><span aria-hidden=\"true\" class=\"wp-block-cover__background has-background-dim\" style=\"background-color:#768fac\"><\/span><div class=\"wp-block-cover__inner-container is-layout-constrained wp-block-cover-is-layout-constrained\">\n<p class=\"has-text-align-center has-large-font-size\"><\/p>\n<\/div><\/div>\n\n\n\n<div class=\"wp-block-columns is-layout-flex wp-container-core-columns-is-layout-28f84493 wp-block-columns-is-layout-flex\">\n<div class=\"wp-block-column is-layout-flow wp-block-column-is-layout-flow\">\n<p class=\"has-medium-font-size\"><strong>Hier finden Sie uns:<\/strong><br><br>Onkologie Bellevue<br>Stadelhoferstrasse 42<br>CH-8001 Z\u00fcrich<br><br><strong>Anreise mit den \u00f6ffentlichen Verkehrsmitteln:<\/strong><br><br>Fahren Sie mit dem Tram (2, 4, 5, 8, 9, 11, 15) oder<br>Bus (912, 916) bis Haltestelle Bellevue oder mit der S-Bahn bis Bahnhof Stadelhofen. Von beiden Haltestellen sind es lediglich 2\u20133 Minuten Fu\u00dfweg bis zur Stadelhoferstrasse.<br><br><strong>Anreise mit dem Auto:<\/strong><br><br>Ihr Privatauto parkieren Sie am besten im Parkhaus<br>\u00abHohe Promenade\u00bb, beim Opernhaus oder direkt im Haus in der Bellevue Garage Z\u00fcrich (Reservations-Anfrage unter Tel. +41 (0)44 252 49 89).<\/p>\n<\/div>\n\n\n\n<div class=\"wp-block-column is-layout-flow wp-block-column-is-layout-flow\">\n<p class=\"has-medium-font-size\"><strong>Lage der Praxis:<\/strong><br><br>Die onkologische Praxis findet sich an zentralster Lage im Herzen von Z\u00fcrich, ganz in der N\u00e4he des Bellevueplatzes, im Eckgeb\u00e4ude zwischen Stadelhoferstrasse und R\u00e4mistrasse.<\/p>\n\n\n\n<iframe loading=\"lazy\" src=\"https:\/\/www.google.com\/maps\/embed?pb=!1m18!1m12!1m3!1d2901.6772003872534!2d8.544369915756652!3d47.36776427916944!2m3!1f0!2f0!3f0!3m2!1i1024!2i768!4f13.1!3m3!1m2!1s0x479aa0ab63dbe1e5%3A0xddf36f36378291f5!2sStadelhoferstrasse+42%2C+8001+Z%C3%BCrich!5e1!3m2!1sde!2sch!4v1563101475376!5m2!1sde!2sch\" width=\"500\" height=\"400\" frameborder=\"0\" style=\"border:0\" allowfullscreen=\"\"><\/iframe>\n<\/div>\n<\/div>\n","protected":false},"excerpt":{"rendered":"<p>Hier finden Sie uns: Onkologie BellevueStadelhoferstrasse 42CH-8001 Z\u00fcrich Anreise mit den \u00f6ffentlichen Verkehrsmitteln: Fahren Sie mit dem Tram (2, 4, [&hellip;]<\/p>\n","protected":false},"author":1,"featured_media":0,"parent":0,"menu_order":0,"comment_status":"closed","ping_status":"closed","template":"","meta":{"advgb_blocks_editor_width":"","advgb_blocks_columns_visual_guide":"","site-sidebar-layout":"default","site-content-layout":"","ast-site-content-layout":"default","site-content-style":"default","site-sidebar-style":"default","ast-global-header-display":"","ast-banner-title-visibility":"","ast-main-header-display":"","ast-hfb-above-header-display":"","ast-hfb-below-header-display":"","ast-hfb-mobile-header-display":"","site-post-title":"","ast-breadcrumbs-content":"","ast-featured-img":"","footer-sml-layout":"","ast-disable-related-posts":"","theme-transparent-header-meta":"","adv-header-id-meta":"","stick-header-meta":"","header-above-stick-meta":"","header-main-stick-meta":"","header-below-stick-meta":"","astra-migrate-meta-layouts":"default","ast-page-background-enabled":"default","ast-page-background-meta":{"desktop":{"background-color":"var(--ast-global-color-5)","background-image":"","background-repeat":"repeat","background-position":"center center","background-size":"auto","background-attachment":"scroll","background-type":"","background-media":"","overlay-type":"","overlay-color":"","overlay-opacity":"","overlay-gradient":""},"tablet":{"background-color":"","background-image":"","background-repeat":"repeat","background-position":"center center","background-size":"auto","background-attachment":"scroll","background-type":"","background-media":"","overlay-type":"","overlay-color":"","overlay-opacity":"","overlay-gradient":""},"mobile":{"background-color":"","background-image":"","background-repeat":"repeat","background-position":"center center","background-size":"auto","background-attachment":"scroll","background-type":"","background-media":"","overlay-type":"","overlay-color":"","overlay-opacity":"","overlay-gradient":""}},"ast-content-background-meta":{"desktop":{"background-color":"var(--ast-global-color-4)","background-image":"","background-repeat":"repeat","background-position":"center center","background-size":"auto","background-attachment":"scroll","background-type":"","background-media":"","overlay-type":"","overlay-color":"","overlay-opacity":"","overlay-gradient":""},"tablet":{"background-color":"var(--ast-global-color-4)","background-image":"","background-repeat":"repeat","background-position":"center center","background-size":"auto","background-attachment":"scroll","background-type":"","background-media":"","overlay-type":"","overlay-color":"","overlay-opacity":"","overlay-gradient":""},"mobile":{"background-color":"var(--ast-global-color-4)","background-image":"","background-repeat":"repeat","background-position":"center center","background-size":"auto","background-attachment":"scroll","background-type":"","background-media":"","overlay-type":"","overlay-color":"","overlay-opacity":"","overlay-gradient":""}},"footnotes":""},"class_list":["post-39","page","type-page","status-publish","hentry"],"coauthors":[],"author_meta":{"author_link":"https:\/\/onkologie-bellevue.ch\/index.php\/author\/baettigoncologych\/","display_name":"admin"},"relative_dates":{"created":"Ver\u00f6ffentlicht 4\u00a0Monaten vor","modified":"Aktualisiert 3\u00a0Monaten vor"},"absolute_dates":{"created":"Ver\u00f6ffentlicht am 31.12.2025","modified":"Aktualisiert am 28.01.2026"},"absolute_dates_time":{"created":"Ver\u00f6ffentlicht am 31.12.2025 10:48","modified":"Aktualisiert am 28.01.2026 15:25"},"featured_img_caption":"","featured_img":false,"series_order":"","_links":{"self":[{"href":"https:\/\/onkologie-bellevue.ch\/index.php\/wp-json\/wp\/v2\/pages\/39","targetHints":{"allow":["GET"]}}],"collection":[{"href":"https:\/\/onkologie-bellevue.ch\/index.php\/wp-json\/wp\/v2\/pages"}],"about":[{"href":"https:\/\/onkologie-bellevue.ch\/index.php\/wp-json\/wp\/v2\/types\/page"}],"author":[{"embeddable":true,"href":"https:\/\/onkologie-bellevue.ch\/index.php\/wp-json\/wp\/v2\/users\/1"}],"replies":[{"embeddable":true,"href":"https:\/\/onkologie-bellevue.ch\/index.php\/wp-json\/wp\/v2\/comments?post=39"}],"version-history":[{"count":14,"href":"https:\/\/onkologie-bellevue.ch\/index.php\/wp-json\/wp\/v2\/pages\/39\/revisions"}],"predecessor-version":[{"id":593,"href":"https:\/\/onkologie-bellevue.ch\/index.php\/wp-json\/wp\/v2\/pages\/39\/revisions\/593"}],"wp:attachment":[{"href":"https:\/\/onkologie-bellevue.ch\/index.php\/wp-json\/wp\/v2\/media?parent=39"}],"curies":[{"name":"wp","href":"https:\/\/api.w.org\/{rel}","templated":true}]}}