{"id":37,"date":"2025-12-31T10:47:56","date_gmt":"2025-12-31T10:47:56","guid":{"rendered":"https:\/\/onkologie-bellevue.ch\/?page_id=37"},"modified":"2026-01-13T14:53:41","modified_gmt":"2026-01-13T13:53:41","slug":"terms-links","status":"publish","type":"page","link":"https:\/\/onkologie-bellevue.ch\/index.php\/terms-links\/","title":{"rendered":"Begriffe &amp; Links"},"content":{"rendered":"\n<div class=\"wp-block-cover is-light\" style=\"min-height:140px;aspect-ratio:unset;\"><img loading=\"lazy\" decoding=\"async\" width=\"2560\" height=\"510\" class=\"wp-block-cover__image-background wp-image-410 size-full\" alt=\"\" src=\"https:\/\/onkologie-bellevue.ch\/wp-content\/uploads\/2026\/01\/menu-pic-begriffe-links-scaled.png\" data-object-fit=\"cover\" srcset=\"https:\/\/onkologie-bellevue.ch\/wp-content\/uploads\/2026\/01\/menu-pic-begriffe-links-scaled.png 2560w, https:\/\/onkologie-bellevue.ch\/wp-content\/uploads\/2026\/01\/menu-pic-begriffe-links-300x60.png 300w, https:\/\/onkologie-bellevue.ch\/wp-content\/uploads\/2026\/01\/menu-pic-begriffe-links-1024x204.png 1024w, https:\/\/onkologie-bellevue.ch\/wp-content\/uploads\/2026\/01\/menu-pic-begriffe-links-768x153.png 768w, https:\/\/onkologie-bellevue.ch\/wp-content\/uploads\/2026\/01\/menu-pic-begriffe-links-1536x306.png 1536w, https:\/\/onkologie-bellevue.ch\/wp-content\/uploads\/2026\/01\/menu-pic-begriffe-links-2048x408.png 2048w\" sizes=\"auto, (max-width: 2560px) 100vw, 2560px\" \/><span aria-hidden=\"true\" class=\"wp-block-cover__background has-background-dim-20 has-background-dim\" style=\"background-color:#688aad\"><\/span><div class=\"wp-block-cover__inner-container is-layout-constrained wp-block-cover-is-layout-constrained\">\n<p class=\"has-text-align-center has-large-font-size\"><\/p>\n<\/div><\/div>\n\n\n\n<div style=\"height:53px\" aria-hidden=\"true\" class=\"wp-block-spacer\"><\/div>\n\n\n\n<div class=\"wp-block-advgb-adv-tabs advgb-tabs-wrapper advgb-tab-horz-desktop advgb-tab-vert-tablet advgb-tab-stack-mobile advgb-tabs-36b88475-77db-4117-b3a3-7e2876e084d7\" data-tab-active=\"0\"><ul class=\"advgb-tabs-panel\" role=\"tablist\"><li class=\"advgb-tab advgb-tab-active\" role=\"presentation\" style=\"background-color:#e0e0e0;border-style:solid;border-width:1px;border-radius:10px\"><button class=\"advgb-tab-button\" id=\"advgb-tab-_d7085e-d3-0\" aria-controls=\"advgb-tab-panel-_d7085e-d3-0\" role=\"tab\" aria-selected=\"true\" tabindex=\"0\" style=\"color:var(--ast-global-color-0);background:none;border:none;width:100%;text-align:inherit;cursor:pointer;padding:8px 16px;font:inherit\"><span>Links<\/span><\/button><\/li><li class=\"advgb-tab \" role=\"presentation\" style=\"background-color:#e0e0e0;border-style:solid;border-width:1px;border-radius:10px\"><button class=\"advgb-tab-button\" id=\"advgb-tab-_d7085e-d3-1\" aria-controls=\"advgb-tab-panel-_d7085e-d3-1\" role=\"tab\" aria-selected=\"false\" tabindex=\"0\" style=\"color:var(--ast-global-color-0);background:none;border:none;width:100%;text-align:inherit;cursor:pointer;padding:8px 16px;font:inherit\"><span><a href=\"spitaeler.html\">Spit\u00e4ler<\/a><\/span><\/button><\/li><li class=\"advgb-tab \" role=\"presentation\" style=\"background-color:#e0e0e0;border-style:solid;border-width:1px;border-radius:10px\"><button class=\"advgb-tab-button\" id=\"advgb-tab-_d7085e-d3-2\" aria-controls=\"advgb-tab-panel-_d7085e-d3-2\" role=\"tab\" aria-selected=\"false\" tabindex=\"0\" style=\"color:var(--ast-global-color-0);background:none;border:none;width:100%;text-align:inherit;cursor:pointer;padding:8px 16px;font:inherit\"><span><a href=\"http:\/\/infos_en.html\">Informationen in Englisch<\/a><\/span><\/button><\/li><\/ul><div class=\"advgb-tab-body-wrapper\" style=\"border-style:solid;border-width:1px;border-radius:10px\">\n<div class=\"wp-block-advgb-tab advgb-tab-body-container\"><div class=\"advgb-tab-body-header advgb-tab-class- header-active\" id=\"advgb-tab-panel-_d7085e-d3-0\" role=\"tabpanel\" aria-labelledby=\"advgb-tab-_d7085e-d3-0\" tabindex=\"0\"><span>Links<\/span><\/div><div class=\"advgb-tab-_d7085e-d3 advgb-tab-body\" aria-labelledby=\"advgb-tab-panel-_d7085e-d3-0\" style=\"display:block\">\n<div class=\"wp-block-group is-nowrap is-layout-flex wp-container-core-group-is-layout-6c531013 wp-block-group-is-layout-flex\">\n<p class=\"has-medium-font-size\"><a href=\"https:\/\/youtu.be\/tRut5x-afVo\" data-type=\"link\" data-id=\"https:\/\/youtu.be\/tRut5x-afVo?si=CG5UvxFZ-1MWRE37\" target=\"_blank\" rel=\"noreferrer noopener\">Anleitung subkutane Verabreichung von Filgrastim<\/a><br><br><a href=\"https:\/\/zuerich.krebsliga.ch\/\" data-type=\"link\" data-id=\"https:\/\/zuerich.krebsliga.ch\/\">krebshilfe.de<\/a><br>Zahlreich gut geschriebene Informationen \u00fcber h\u00e4ufige Tumorkrankheiten. Jedes Jahr erkranken in Deutschland 450.000 Menschen neu an Krebs. Den Betroffenen und ihren Angeh\u00f6rigen zu helfen, ist das wichtigste Anliegen der Deutschen Krebshilfe. Nach dem Motto \u00abHelfen. Forschen. Informieren.\u00bb f\u00f6rdert die gemeinn\u00fctzige Organisation Projekte zur Verbesserung der Pr\u00e4vention, Fr\u00fcherkennung, Diagnose, Therapie, medizinischen Nachsorge und psychosozialen Versorgung, einschlie\u00dflich der Krebs-Selbsthilfe.<br><br><a href=\"https:\/\/lgfb.ch\/\">krebsliga-zh.ch<\/a><br>Die Krebsliga Z\u00fcrich erf\u00fcllt wichtige Aufgaben in der Beratung und Betreuung von Krebskranken und ihren Angeh\u00f6rigen. Der Beratungsdienst steht allen Bewohnerinnen und Bewohnern des Kantons Z\u00fcrich, die mit Krebs in irgendeiner Form in Ber\u00fchrung kommen, kostenlos zur Seite. Information, F\u00f6rderung der Krebsforschung und Pr\u00e4vention bilden weitere Schwerpunkte unserer T\u00e4tigkeit.<br><br><a href=\"https:\/\/lgfb.ch\/\">lookgoodfeelbetter.ch<\/a><br>\u00abWir zaubern ein L\u00e4cheln auf Ihr Gesicht\u00bb \u2013 eine gro\u00dfartige \u00dcberschrift, die all das zusammenfasst, was wir mit \u201eLOOK GOOD&nbsp;\u2026 FEEL BETTER\u201c erreichen m\u00f6chten. Dank der Unterst\u00fctzung durch die schweizerische Kosmetikindustrie findet seit M\u00e4rz 2006 mittlerweile in 16 Schweizer Krankenh\u00e4usern das einmalige Programm in Form von kostenlosen Beauty-Workshops statt. Die einfache Formel hat ihren Erfolg weltweit unter Beweis gestellt. Sie ist sehr wohltuend und wird allseits gesch\u00e4tzt \u2013 nicht nur von den Patientinnen, sondern auch von professionellen Mitarbeitern in der Krankenpflege, die fest an den \u00abFeel-Good\u00bb-Faktor glauben.<br><br><a href=\"http:\/\/www.onko-plus.ch\/\">onko-plus.ch<\/a><br>Onko Plus ist eine unabh\u00e4ngige, nicht gewinnorientierte Stiftung zur Pflege von schwerstkranken Menschen zu Hause in ihrer vertrauten Umgebung. Wir pflegen und betreuen krebskranke Menschen und andere Menschen in einer palliativen Situation. Dabei konzentrieren wir uns auf die subsidi\u00e4re Unterst\u00fctzung der lokalen Spitex-Organisationen, dort, wo unser spezialisiertes onkologisches und palliatives Fachwissen als Erg\u00e4nzung gew\u00fcnscht ist.<br><br><a href=\"http:\/\/swisscancerinstitute.ch\/en\/researchers\/\">sakk.ch<\/a><br>Forschung f\u00fcr bessere Krebsbehandlung. Gest\u00fctzt auf eine Leistungsvereinbarung mit dem Bund f\u00fchrt die SAKK als akademisches, dezentrales Forschungsinstitut Studien an allen gr\u00f6\u00dferen Spit\u00e4lern in der Schweiz und im Ausland durch. Wir sind eine gemeinn\u00fctzige Organisation, die Wirksamkeit und Vertr\u00e4glichkeit neuer Therapien in der Onkologie untersucht und bestehende Krebsbehandlungen weiterentwickelt. Ziel ist es, die bestm\u00f6gliche Behandlung f\u00fcr Krebserkrankungen bei Erwachsenen zu bestimmen. Dazu f\u00fchren wir als kooperative Gruppe seit 1965 von der Industrie unabh\u00e4ngige multizentrische klinische Studien durch.<br><br><a href=\"https:\/\/www.krebsliga.ch\/\">krebsliga.ch<\/a><br>Die Krebsliga ist eine nationale gemeinn\u00fctzige Organisation, die gegen Krebs k\u00e4mpft und Betroffene und Angeh\u00f6rige unterst\u00fctzt. Sie ist als Verband organisiert und konfessionell und politisch neutral. Die Krebsliga besteht aus 20 kantonalen und regionalen Ligen sowie aus der Dachorganisation, der Krebsliga Schweiz.<\/p>\n<\/div>\n<\/div><\/div>\n\n\n\n<div class=\"wp-block-advgb-tab advgb-tab-body-container\"><div class=\"advgb-tab-body-header advgb-tab-class- \" id=\"advgb-tab-panel-_d7085e-d3-1\" role=\"tabpanel\" aria-labelledby=\"advgb-tab-_d7085e-d3-1\" tabindex=\"0\"><span><a href=\"spitaeler.html\">Spit\u00e4ler<\/a><\/span><\/div><div class=\"advgb-tab-_d7085e-d3 advgb-tab-body\" aria-labelledby=\"advgb-tab-panel-_d7085e-d3-1\" style=\"display:none\">\n<p class=\"has-medium-font-size\"><a href=\"https:\/\/www.brustcentrum-zuerich.ch\/\">brustcentrum-zuerich.ch<\/a><br>Was ist das BrustCentrum Bethanien-Zollikerberg?<br>Die Diagnostik und Therapie der Brusterkrankungen sind sehr komplex und ben\u00f6tigt oft den Einsatz von verschiedenen diagnostischen Mitteln und Apparaturen. Au\u00dferdem ist auch die Verf\u00fcgbarkeit von verschiedenen \u00c4rztinnen und \u00c4rzten aus unterschiedlichen medizinischen Disziplinen von Vorteil. Angesichts dessen haben sich das BrustCentrum Z\u00fcrich-Bethanien und das Brustzentrum Zollikerberg zu einer Kooperation zusammengeschlossen und verwenden modernste Infrastruktur in der Diagnostik und Therapie von Brusterkrankungen. Das \u00c4rztenetz mit \u00c4rzten aus den Disziplinen Gyn\u00e4kologie, Onkologie, Radiologie, plastische Chirurgie, Zytologie und Pathologie garantiert auch deshalb eine gute und kompetente Behandlung, weil alle F\u00e4lle am w\u00f6chentlichen Tumorboard vorgestellt werden k\u00f6nnen. Dank Kooperationen mit anderen Institutionen, wie den Bestrahlungsabteilungen in Z\u00fcrich, schlie\u00dft sich der Kreis.<br><br><a href=\"https:\/\/pyramide.ch\/medizinisches-angebot\/brust\/brustkrebs\/\">brustkrebs-chirurgie.ch<\/a><br>W\u00e4hrend vieler Jahre war die Behandlung von Brustkrebs einseitig auf die Pr\u00e4vention und die eigentliche Tumorentfernung ausgerichtet. Den k\u00f6rperlichen und seelischen Folgen einer belastenden Therapie wurde oft viel zu wenig Rechnung getragen. Mit den M\u00f6glichkeiten der onko-plastischen Chirurgie stehen heute ganzheitliche Behandlungskonzepte zur Verf\u00fcgung, welche die Tumorentfernung und die Brustrekonstruktion optimal miteinander verbinden lassen. Durch das verbreitete Spektrum der Wiederaufbaumethoden hat auch die Furcht der Frauen vor einem verst\u00fcmmelnden Eingriff nachgelassen. Heute ist unbestritten, dass ein m\u00f6glichst schonender, Brust erhaltender Eingriff oder ein sofortiger Brustaufbau das Selbstwertgef\u00fchl in entscheidendem Ma\u00df steigern und dadurch zu einer besseren Bew\u00e4ltigung der Krankheit beitragen k\u00f6nnen.<br><br>F\u00fcr eine erfolgreiche Brustkrebsbehandlung braucht es ein kompetentes, interdisziplin\u00e4res Team: f\u00fcr die Diagnose sind nebst den klinisch t\u00e4tigen \u00c4rzten die Radiologen, Zytologen und Pathologen zust\u00e4ndig. Die eigentliche Behandlung (Tumorentfernung mit Brusterhaltung oder Brustrekonstruktion) erfolgt durch einen onko-plastischen Chirurgen. Erfahrene, auf Brustkrebs spezialisierte plastische Chirurgen wissen um die Wichtigkeit einer wegweisenden, richtigen Erstbehandlung und sind in der Lage, der k\u00f6rperlichen Integrit\u00e4t und den \u00e4sthetischen Anspr\u00fcchen der betroffenen Frauen maximale Aufmerksamkeit zu schenken. Der Onkologe ist schlie\u00dflich f\u00fcr medikament\u00f6se Begleitbehandlungen und die Nachbetreuung und -kontrollen verantwortlich. In F\u00e4llen, bei denen eine Bestrahlung notwendig ist, wird das Behandlungsteam durch einen Bestrahlungsspezialisten erg\u00e4nzt. Therapie begleitend, kann der Beizug eines Psychologen h\u00e4ufig sinnvoll sein. Wir begr\u00fc\u00dfen selbstverst\u00e4ndlich auch die Zusammenarbeit mit Ihrem Gyn\u00e4kologen.<br><br><a href=\"https:\/\/www.interdigest.ch\/\">interdigest.ch<\/a><br>Die optimale Behandlung vieler Erkrankungen einzelner Organe oder auch von Organsystemen erfordert mittlerweile diverse Spezialisten, die das Problem aus unterschiedlichen Perspektiven kennen und die entsprechende Erkrankung aus verschiedenen Blickwinkeln betrachten. Diese interdisziplin\u00e4re Beurteilung, hat heutzutage gr\u00f6\u00dfte Erfolgsaussichten bei h\u00f6chster Effizienz, sofern die einzelnen Experten zusammenarbeiten und der Patient als Ganzes nicht aus den Augen verloren wird, sondern im Mittelpunkt steht.<br><br>Interdigest \u00abInterdisciplinary Gastroenterological Surgical Team\u00bb hat genau diese Philosophie.<br><br>Der behandelnde Hausarzt spielt eine zentrale Rolle und soll in die Behandlung durch ein Expertenteam einbezogen werden, da er den Patienten am besten kennt und die Nachbetreuung, auch nach Abschluss der Behandlung weiterf\u00fchren wird. Ein Team von Chirurgen, Gastroenterologen, Onkologen, Radiologen, Radiotherapeuten werden zusammen mit einem Pathologieinstitut und einem Expertenteam f\u00fcr spezielle Fragestellungen auf Wunsch die gesamte Abkl\u00e4rung und Behandlung von Problemstellungen oder Erkrankungen im Bauchraum und der Bauchwand \u00fcbernehmen, falls dies vom Hausarzt und seinem Patienten gew\u00fcnscht ist. Falls der Patient oder der zuweisende Arzt \u00c4rzte seines Vertrauens hat, sind auch einzelne Abkl\u00e4rungen oder Behandlungen in unserem Netzwerk selbstverst\u00e4ndlich m\u00f6glich.<br><br><a href=\"https:\/\/www.swissmedical.net\/de\/spitaeler\/bethanien\">klinikbethanien.ch<\/a><br>Kompetente Fachkr\u00e4fte, eine pers\u00f6nliche, sorgf\u00e4ltige und authentische Betreuung sowie modernste Technologie: Das ist die Privatklinik Bethanien. Medizinische Versorgung von h\u00f6chster Qualit\u00e4t, kompetente Pflege, gepflegte Hotellerie, Gewissenhaftigkeit und absolute Diskretion sind f\u00fcr uns eine Selbstverst\u00e4ndlichkeit. Mit rund 180 akkreditierten \u00c4rztinnen und \u00c4rzten verf\u00fcgt die Privatklinik Bethanien \u00fcber ein breites Leistungsangebot. \u00dcber 5\u2019000 station\u00e4re und teilstation\u00e4re Patientinnen und Patienten werden pro Jahr behandelt.<br><br><a href=\"https:\/\/spitalzollikerberg.ch\/de\">spitalzollikerberg.ch<\/a><br>Dem Spital ist das Fach\u00e4rztezentrum PRISMA, das Praxiszentrum Zollikerberg sowie interne Praxen mit wichtigen Erg\u00e4nzungsdisziplinen und renommierten Beleg- und Konsiliar\u00e4rztinnen und -\u00e4rzten angegliedert. Die Onkologie befasst sich mit der Entstehung, der Diagnostik und der Behandlung von Krebserkrankungen. Das Ziel der Diagnostik ist, die Natur und Ausbreitung der Tumorerkrankung so exakt zu charakterisieren, dass den Patientinnen oder den Patienten eine optimale und individuell angepasste Behandlung angeboten werden kann.<br><br>Die Behandlung kann die Entfernung oder Zerst\u00f6rung des gesamten Tumorgewebes zum Ziel haben (kurative Therapie, Heilung bzw. Kuration). Am Spital Zollikerberg k\u00f6nnen wir auf erfahrene Chirurgen, Gyn\u00e4kologen und plastische Chirurgie zur\u00fcckgreifen. H\u00e4ufig ben\u00f6tigen Tumorerkrankungen auch medizinische Therapien. Dann werden Chemo-, Immun- oder Hormontherapien und neuerdings auch moderne zielgerichtete Medikamente angewandt.<\/p>\n<\/div><\/div>\n\n\n\n<div class=\"wp-block-advgb-tab advgb-tab-body-container\"><div class=\"advgb-tab-body-header advgb-tab-class- \" id=\"advgb-tab-panel-_d7085e-d3-2\" role=\"tabpanel\" aria-labelledby=\"advgb-tab-_d7085e-d3-2\" tabindex=\"0\"><span><a href=\"http:\/\/infos_en.html\">Informationen in Englisch<\/a><\/span><\/div><div class=\"advgb-tab-_d7085e-d3 advgb-tab-body\" aria-labelledby=\"advgb-tab-panel-_d7085e-d3-2\" style=\"display:none\">\n<p class=\"has-medium-font-size\"><a href=\"https:\/\/www.meb.uni-bonn.de\/cancernet\/pdqpt.menu.html\"><strong>PDQ National Cancer Institute<\/strong><\/a><br>Gro\u00dfes Informationsangebot \u00fcber Tumorerkrankungen (Typen, Diagnose, Behandlung)<br><br><a href=\"https:\/\/www.cancer.gov\/\"><strong>National Cancer Institute (USA)<\/strong><\/a><br>Informationen\/Tipps zur Krebserkrankung f\u00fcr Patient und Familie<br><br><a href=\"https:\/\/www.royalmarsden.org\/\"><strong>Royal Marsden (UK)<\/strong><\/a><br>H\u00e4ufig gestellte Fragen werden beantwortet. Unterlagen (Booklet) k\u00f6nnen online bestellt werden<br><br><\/p>\n<\/div><\/div>\n<\/div><\/div>\n<style class=\"advgb-styles-renderer\">.advgb-tabs-36b88475-77db-4117-b3a3-7e2876e084d7 ul.advgb-tabs-panel li.advgb-tab.advgb-tab-active {background-color:#5954d6 !important;color:#fff !important;}#advgb-tabs-36b88475-77db-4117-b3a3-7e2876e084d7 .advgb-tab-body-header.header-active, .advgb-tabs-36b88475-77db-4117-b3a3-7e2876e084d7 .advgb-tab-body-header.header-active{background-color:#5954d6 !important;color:#fff !important;}<\/style>","protected":false},"excerpt":{"rendered":"","protected":false},"author":1,"featured_media":0,"parent":0,"menu_order":0,"comment_status":"closed","ping_status":"closed","template":"","meta":{"advgb_blocks_editor_width":"","advgb_blocks_columns_visual_guide":"","site-sidebar-layout":"default","site-content-layout":"","ast-site-content-layout":"default","site-content-style":"default","site-sidebar-style":"default","ast-global-header-display":"","ast-banner-title-visibility":"","ast-main-header-display":"","ast-hfb-above-header-display":"","ast-hfb-below-header-display":"","ast-hfb-mobile-header-display":"","site-post-title":"","ast-breadcrumbs-content":"","ast-featured-img":"","footer-sml-layout":"","ast-disable-related-posts":"","theme-transparent-header-meta":"","adv-header-id-meta":"","stick-header-meta":"","header-above-stick-meta":"","header-main-stick-meta":"","header-below-stick-meta":"","astra-migrate-meta-layouts":"default","ast-page-background-enabled":"default","ast-page-background-meta":{"desktop":{"background-color":"var(--ast-global-color-5)","background-image":"","background-repeat":"repeat","background-position":"center center","background-size":"auto","background-attachment":"scroll","background-type":"","background-media":"","overlay-type":"","overlay-color":"","overlay-opacity":"","overlay-gradient":""},"tablet":{"background-color":"","background-image":"","background-repeat":"repeat","background-position":"center center","background-size":"auto","background-attachment":"scroll","background-type":"","background-media":"","overlay-type":"","overlay-color":"","overlay-opacity":"","overlay-gradient":""},"mobile":{"background-color":"","background-image":"","background-repeat":"repeat","background-position":"center center","background-size":"auto","background-attachment":"scroll","background-type":"","background-media":"","overlay-type":"","overlay-color":"","overlay-opacity":"","overlay-gradient":""}},"ast-content-background-meta":{"desktop":{"background-color":"var(--ast-global-color-4)","background-image":"","background-repeat":"repeat","background-position":"center center","background-size":"auto","background-attachment":"scroll","background-type":"","background-media":"","overlay-type":"","overlay-color":"","overlay-opacity":"","overlay-gradient":""},"tablet":{"background-color":"var(--ast-global-color-4)","background-image":"","background-repeat":"repeat","background-position":"center center","background-size":"auto","background-attachment":"scroll","background-type":"","background-media":"","overlay-type":"","overlay-color":"","overlay-opacity":"","overlay-gradient":""},"mobile":{"background-color":"var(--ast-global-color-4)","background-image":"","background-repeat":"repeat","background-position":"center center","background-size":"auto","background-attachment":"scroll","background-type":"","background-media":"","overlay-type":"","overlay-color":"","overlay-opacity":"","overlay-gradient":""}},"footnotes":""},"class_list":["post-37","page","type-page","status-publish","hentry"],"coauthors":[],"author_meta":{"author_link":"https:\/\/onkologie-bellevue.ch\/index.php\/author\/baettigoncologych\/","display_name":"admin"},"relative_dates":{"created":"Ver\u00f6ffentlicht 4\u00a0Monaten vor","modified":"Aktualisiert 4\u00a0Monaten vor"},"absolute_dates":{"created":"Ver\u00f6ffentlicht am 31.12.2025","modified":"Aktualisiert am 13.01.2026"},"absolute_dates_time":{"created":"Ver\u00f6ffentlicht am 31.12.2025 10:47","modified":"Aktualisiert am 13.01.2026 14:53"},"featured_img_caption":"","featured_img":false,"series_order":"","_links":{"self":[{"href":"https:\/\/onkologie-bellevue.ch\/index.php\/wp-json\/wp\/v2\/pages\/37","targetHints":{"allow":["GET"]}}],"collection":[{"href":"https:\/\/onkologie-bellevue.ch\/index.php\/wp-json\/wp\/v2\/pages"}],"about":[{"href":"https:\/\/onkologie-bellevue.ch\/index.php\/wp-json\/wp\/v2\/types\/page"}],"author":[{"embeddable":true,"href":"https:\/\/onkologie-bellevue.ch\/index.php\/wp-json\/wp\/v2\/users\/1"}],"replies":[{"embeddable":true,"href":"https:\/\/onkologie-bellevue.ch\/index.php\/wp-json\/wp\/v2\/comments?post=37"}],"version-history":[{"count":30,"href":"https:\/\/onkologie-bellevue.ch\/index.php\/wp-json\/wp\/v2\/pages\/37\/revisions"}],"predecessor-version":[{"id":584,"href":"https:\/\/onkologie-bellevue.ch\/index.php\/wp-json\/wp\/v2\/pages\/37\/revisions\/584"}],"wp:attachment":[{"href":"https:\/\/onkologie-bellevue.ch\/index.php\/wp-json\/wp\/v2\/media?parent=37"}],"curies":[{"name":"wp","href":"https:\/\/api.w.org\/{rel}","templated":true}]}}