{"id":35,"date":"2025-12-31T10:47:39","date_gmt":"2025-12-31T10:47:39","guid":{"rendered":"https:\/\/onkologie-bellevue.ch\/?page_id=35"},"modified":"2026-04-16T21:27:28","modified_gmt":"2026-04-16T19:27:28","slug":"offer","status":"publish","type":"page","link":"https:\/\/onkologie-bellevue.ch\/index.php\/offer\/","title":{"rendered":"Angebot"},"content":{"rendered":"\n<div class=\"wp-block-cover\" style=\"min-height:140px;aspect-ratio:unset;\"><img loading=\"lazy\" decoding=\"async\" width=\"2560\" height=\"510\" class=\"wp-block-cover__image-background wp-image-408 size-full\" alt=\"\" src=\"https:\/\/onkologie-bellevue.ch\/wp-content\/uploads\/2026\/01\/menu-pic-angebot-1-scaled.png\" data-object-fit=\"cover\" srcset=\"https:\/\/onkologie-bellevue.ch\/wp-content\/uploads\/2026\/01\/menu-pic-angebot-1-scaled.png 2560w, https:\/\/onkologie-bellevue.ch\/wp-content\/uploads\/2026\/01\/menu-pic-angebot-1-300x60.png 300w, https:\/\/onkologie-bellevue.ch\/wp-content\/uploads\/2026\/01\/menu-pic-angebot-1-1024x204.png 1024w, https:\/\/onkologie-bellevue.ch\/wp-content\/uploads\/2026\/01\/menu-pic-angebot-1-768x153.png 768w, https:\/\/onkologie-bellevue.ch\/wp-content\/uploads\/2026\/01\/menu-pic-angebot-1-1536x306.png 1536w, https:\/\/onkologie-bellevue.ch\/wp-content\/uploads\/2026\/01\/menu-pic-angebot-1-2048x408.png 2048w\" sizes=\"auto, (max-width: 2560px) 100vw, 2560px\" \/><span aria-hidden=\"true\" class=\"wp-block-cover__background has-background-dim-20 has-background-dim\" style=\"background-color:#526e8a\"><\/span><div class=\"wp-block-cover__inner-container is-layout-constrained wp-block-cover-is-layout-constrained\">\n<div style=\"height:10px\" aria-hidden=\"true\" class=\"wp-block-spacer\"><\/div>\n<\/div><\/div>\n\n\n\n<div style=\"height:10px\" aria-hidden=\"true\" class=\"wp-block-spacer\"><\/div>\n\n\n\n<p class=\"has-medium-font-size\">Unser Angebot umfasst die&nbsp;fach\u00e4rztliche Abkl\u00e4rung, Beratung, Behandlung und&nbsp;Nachkontrolle onkologischer und h\u00e4matologischer Patienten mit Schwerpunkt auf der ambulanten Betreuung&nbsp;und Therapie in unserer Praxis.<\/p>\n\n\n\n<p class=\"has-medium-font-size\">Es ist unser Ziel, Sie und&nbsp;Ihre Erkrankung individuell zu erfassen, Sie pers\u00f6nlich&nbsp;zu begleiten und zu unterst\u00fctzen und Sie auf h\u00f6chstem fachlichem Niveau zu behandeln. Mit regelm\u00e4\u00dfigem Besuch nationaler und internationaler Fachkongresse, Studium der Fachliteratur und Kontakt zu anderen onkologischen Zentren sind wir bestrebt, der stetigen Entwicklung in der Onkologie Rechnung zu tragen. Einen wichtigen Beitrag hierzu leistet auch die interdisziplin\u00e4re Vernetzung mit weiteren Spezialisten und Kliniken.<\/p>\n\n\n\n<div class=\"wp-block-advgb-adv-tabs advgb-tabs-wrapper advgb-tab-horz-desktop advgb-tab-vert-tablet advgb-tab-stack-mobile advgb-tabs-9b5d9d49-368b-49a2-b881-3429bc5239f6\" data-tab-active=\"0\"><ul class=\"advgb-tabs-panel\" role=\"tablist\"><li class=\"advgb-tab advgb-tab-active\" role=\"presentation\" style=\"background-color:#e0e0e0;border-style:solid;border-width:1px;border-radius:10px\"><button class=\"advgb-tab-button\" id=\"advgb-tab-_ed8989-43-0\" aria-controls=\"advgb-tab-panel-_ed8989-43-0\" role=\"tab\" aria-selected=\"true\" tabindex=\"0\" style=\"color:#fff;background:none;border:none;width:100%;text-align:inherit;cursor:pointer;padding:8px 16px;font:inherit\"><span><a href=\"diagnostik.html\">Diagnostik<\/a><\/span><\/button><\/li><li class=\"advgb-tab \" role=\"presentation\" style=\"background-color:#e0e0e0;border-style:solid;border-width:1px;border-radius:10px\"><button class=\"advgb-tab-button\" id=\"advgb-tab-_ed8989-43-1\" aria-controls=\"advgb-tab-panel-_ed8989-43-1\" role=\"tab\" aria-selected=\"false\" tabindex=\"0\" style=\"color:#fff;background:none;border:none;width:100%;text-align:inherit;cursor:pointer;padding:8px 16px;font:inherit\"><span><a href=\"therapie.html\">Therapie<\/a><\/span><\/button><\/li><li class=\"advgb-tab \" role=\"presentation\" style=\"background-color:#e0e0e0;border-style:solid;border-width:1px;border-radius:10px\"><button class=\"advgb-tab-button\" id=\"advgb-tab-_ed8989-43-2\" aria-controls=\"advgb-tab-panel-_ed8989-43-2\" role=\"tab\" aria-selected=\"false\" tabindex=\"0\" style=\"color:#fff;background:none;border:none;width:100%;text-align:inherit;cursor:pointer;padding:8px 16px;font:inherit\"><span><a href=\"klinischestudien.html\">Klinische Studien<\/a><\/span><\/button><\/li><\/ul><div class=\"advgb-tab-body-wrapper\" style=\"border-style:solid;border-width:1px;border-radius:10px\">\n<div class=\"wp-block-advgb-tab advgb-tab-body-container\"><div class=\"advgb-tab-body-header advgb-tab-class- \" id=\"advgb-tab-panel-_ed8989-43-0\" role=\"tabpanel\" aria-labelledby=\"advgb-tab-_ed8989-43-0\" tabindex=\"0\"><span><a href=\"diagnostik.html\">Diagnostik<\/a><\/span><\/div><div class=\"advgb-tab-_ed8989-43 advgb-tab-body\" aria-labelledby=\"advgb-tab-panel-_ed8989-43-0\" style=\"display:none\">\n<div class=\"wp-block-media-text has-media-on-the-right is-stacked-on-mobile is-vertically-aligned-top\" style=\"grid-template-columns:auto 41%\"><div class=\"wp-block-media-text__content\">\n<p class=\"has-medium-font-size\">Voraussetzung f\u00fcr eine individuelle Behandlung ist die Kenntnis von Art, Natur und Stadium der vorliegenden Erkrankung. In der Diagnostik ist die Onkologie h\u00e4ufig auf R\u00f6ntgenuntersuchungen angewiesen.<\/p>\n\n\n\n<p class=\"has-medium-font-size\">Beispiele oft verordneter Untersuchungen sind: konventionelle R\u00f6ntgenaufnahmen, Computertomografien, Mammografien, Ultraschall-, PET- und Magnetresonanz-Untersuchungen oder Knochenszintigrafien.<\/p>\n\n\n\n<p class=\"has-medium-font-size\">Die gew\u00fcnschten Untersuchungen werden vorwiegend mit ausgew\u00e4hlten R\u00f6ntgeninstituten der Stadt Z\u00fcrich oder des Spitals Zollikerberg vereinbart, wo sie von Spezialisten beurteilt werden.<\/p>\n\n\n\n<p class=\"has-medium-font-size\">H\u00e4ufig wird mit den verantwortlichen R\u00f6ntgen\u00e4rzten R\u00fccksprache genommen, um Ihre Problemstellung genau zu erfassen.<\/p>\n\n\n\n<p class=\"has-medium-font-size\">Zur Verlaufskontrolle werden in der Praxis regelm\u00e4\u00dfig auch Laboruntersuchungen vorgenommen, insbesondere von Blutbild, Blutgerinnung, Blutzucker und Nierenfunktion. Weiterf\u00fchrende Untersuchungen werden in einem anerkannten Zentrallabor verarbeitet.<\/p>\n<\/div><figure class=\"wp-block-media-text__media\"><img loading=\"lazy\" decoding=\"async\" width=\"285\" height=\"244\" src=\"https:\/\/onkologie-bellevue.ch\/wp-content\/uploads\/2026\/01\/diagnostik.jpg\" alt=\"\" class=\"wp-image-154 size-full\"\/><\/figure><\/div>\n<\/div><\/div>\n\n\n\n<div class=\"wp-block-advgb-tab advgb-tab-body-container\"><div class=\"advgb-tab-body-header advgb-tab-class- header-active\" id=\"advgb-tab-panel-_ed8989-43-1\" role=\"tabpanel\" aria-labelledby=\"advgb-tab-_ed8989-43-1\" tabindex=\"0\"><span><a href=\"therapie.html\">Therapie<\/a><\/span><\/div><div class=\"advgb-tab-_ed8989-43 advgb-tab-body\" aria-labelledby=\"advgb-tab-panel-_ed8989-43-1\" style=\"display:block\">\n<div class=\"wp-block-media-text has-media-on-the-right is-stacked-on-mobile is-vertically-aligned-top\" style=\"grid-template-columns:auto 34%\"><div class=\"wp-block-media-text__content\">\n<p class=\"has-medium-font-size\">Nach ausf\u00fchrlicher Abkl\u00e4rung des Krankheitsbildes wird mit dem Patienten ein Therapieplan besprochen und festgelegt. Zur Anwendung k\u00f6nnen Chirurgie, Hormontherapien, Chemotherapien, biologische Therapien und Bestrahlungen kommen. Teilweise werden diese auch kombiniert. Zur Vermeidung von Haarausfall unter der Chemotherapie werden K\u00fchlaggregate zur K\u00fchlung der Kopfhaut eingesetzt. F\u00fcr Chirurgie und Bestrahlung besteht eine enge Kooperation mit ausgewiesenen Fach\u00e4rzten und -zentren.<\/p>\n\n\n\n<p class=\"has-medium-font-size\">Jeder Patient wird eingehend und sorgf\u00e4ltig \u00fcber die gew\u00e4hlte Therapie informiert. Wo immer m\u00f6glich, erhalten Sie Informationsbrosch\u00fcren \u00fcber Ihre Erkrankung und die gew\u00e4hlte Therapie.<\/p>\n\n\n\n<p class=\"has-medium-font-size\">Die moderne Onkologie erlaubt es, viele Therapien ambulant zu verabreichen. Dies kann \u00fcber Tabletten und\/oder Injektionen erfolgen. H\u00e4ufiger werden in der Onkologie Behandlungen mit Infusionen angewandt.<\/p>\n\n\n\n<p class=\"has-medium-font-size\">Meist handelt es sich hier um Chemotherapien. Ebenfalls als Infusion werden sogenannte monoklonale Antik\u00f6rper oder auch Medikamente zur Knochenst\u00e4rkung verabreicht. Die meisten Therapien k\u00f6nnen ambulant in der Praxis durchgef\u00fchrt werden und nur in Ausnahmef\u00e4llen bedingt die Behandlung einen station\u00e4ren Aufenthalt.<\/p>\n\n\n\n<p class=\"has-medium-font-size\">W\u00e4hrend der ganzen Therapie werden Sie von unserem erfahrenen Pflegeteam begleitet, beraten und \u00fcberwacht. Die Therapien finden in einer ruhigen und pers\u00f6nlichen Atmosph\u00e4re statt.<\/p>\n\n\n\n<p class=\"has-medium-font-size\">Die Infusionen k\u00f6nnen wenige Minuten bis zu mehreren Stunden in Anspruch nehmen. Neben speziellen Therapiepl\u00e4tzen stehen f\u00fcr l\u00e4ngere Infusionen bequeme Behandlungsliegen zur Verf\u00fcgung. W\u00e4hrend der Therapie k\u00f6nnen Sie lesen, Musik h\u00f6ren oder sich einfach entspannen.<\/p>\n<\/div><figure class=\"wp-block-media-text__media\"><img loading=\"lazy\" decoding=\"async\" width=\"300\" height=\"462\" src=\"https:\/\/onkologie-bellevue.ch\/wp-content\/uploads\/2026\/01\/therapie.jpg\" alt=\"\" class=\"wp-image-156 size-full\" srcset=\"https:\/\/onkologie-bellevue.ch\/wp-content\/uploads\/2026\/01\/therapie.jpg 300w, https:\/\/onkologie-bellevue.ch\/wp-content\/uploads\/2026\/01\/therapie-195x300.jpg 195w\" sizes=\"auto, (max-width: 300px) 100vw, 300px\" \/><\/figure><\/div>\n<\/div><\/div>\n\n\n\n<div class=\"wp-block-advgb-tab advgb-tab-body-container\"><div class=\"advgb-tab-body-header advgb-tab-class- \" id=\"advgb-tab-panel-_ed8989-43-2\" role=\"tabpanel\" aria-labelledby=\"advgb-tab-_ed8989-43-2\" tabindex=\"0\"><span><a href=\"klinischestudien.html\">Klinische Studien<\/a><\/span><\/div><div class=\"advgb-tab-_ed8989-43 advgb-tab-body\" aria-labelledby=\"advgb-tab-panel-_ed8989-43-2\" style=\"display:none\">\n<p class=\"has-medium-font-size\">Anliegen, unseren Patientinnen die Teilnahme an klinischen Studien zu erm\u00f6glichen.<br><br>Die Teilnahme an folgenden Studien steht Ihnen aktuell an der Onkologie Bellevue offen; wenden Sie sich diesbez\u00fcglich bitte an Herrn Dr. B\u00e4ttig. Weitere Studien sind an weiteren Standorten des Brust-Centrums <a href=\"https:\/\/www.brustcentrum-zuerich.ch\/\" data-type=\"link\" data-id=\"https:\/\/www.brustcentrum-zuerich.ch\/\" target=\"_blank\" rel=\"noreferrer noopener\">brustcentrum-zuerich.ch<\/a> verf\u00fcgbar.<br><br>\u2022 Studie SAKK 96\/12: Verhinderung von symptomatischen Komplikationen am Skelett mit Denosumab verabreicht alle 4 Wochen gegen\u00fcber alle 12 Wochen: Eine randomisierte Phase III Studie zum Nachweis einer vergleichbaren Wirksamkeit.<br><a href=\"https:\/\/baettig-oncology.ch\/_pdf\/9612_patienteninformation.pdf\" data-type=\"link\" data-id=\"https:\/\/baettig-oncology.ch\/_pdf\/9612_patienteninformation.pdf\" target=\"_blank\" rel=\"noreferrer noopener\">Patienteninfo Kurzfassung Studieninformation<\/a><br><br>\u2022 POLAR: Eine unverblindete, multizentrische, randomisierte Studie der Phase III zu adjuvantem Palbociclib in Kombination mit Endokriner Therapie versus Endokrine Therapie allein f\u00fcr Patienten mit Hormonrezeptor-positivem \/ HER2-negativem, isoliertem, lokoregion\u00e4rem Brustkrebs-Rezidiv nach Resektion. Palbociclib bei HR-positivem, lokal isoliertem oder region\u00e4rem Brustkrebs-Rezidiv.<br><a href=\"https:\/\/baettig-oncology.ch\/_pdf\/polar_einverstaendniserklaerung_info_v16.03.2021.pdf\" data-type=\"link\" data-id=\"https:\/\/baettig-oncology.ch\/_pdf\/polar_einverstaendniserklaerung_info_v16.03.2021.pdf\" target=\"_blank\" rel=\"noreferrer noopener\">Patienteninfo IBCSG Information klinische Forschung<\/a><br><br>\u2022 Evaluation der digitalen Gesundheitsanwendung medidux\u2122 bei PatientInnen mit HER2-positivem Brustkrebs w\u00e4hrend einer Chemotherapie in Kombination mit einer HER2-zielgerichteten Therapie (inklusive Tyrosinkinase-Inhibitoren [TKI]) oder einer<br>Therapie mit einem Antik\u00f6rper-Wirkstoff-Konjugat: Eine multizentrische, randomisierte, kontrollierte Studie.<br><a href=\"https:\/\/baettig-oncology.ch\/_pdf\/2023-01-27_pro2_icf_6.3.2_final.pdf\" data-type=\"link\" data-id=\"https:\/\/baettig-oncology.ch\/_pdf\/2023-01-27_pro2_icf_6.3.2_final.pdf\" target=\"_blank\" rel=\"noreferrer noopener\">Patienteninfo Studieninformation PRO2-Studie    <\/a><\/p>\n<\/div><\/div>\n<\/div><\/div>\n<style class=\"advgb-styles-renderer\">.advgb-tabs-9b5d9d49-368b-49a2-b881-3429bc5239f6 ul.advgb-tabs-panel li.advgb-tab.advgb-tab-active {background-color:#5954d6 !important;color:#fff !important;}#advgb-tabs-9b5d9d49-368b-49a2-b881-3429bc5239f6 .advgb-tab-body-header.header-active, .advgb-tabs-9b5d9d49-368b-49a2-b881-3429bc5239f6 .advgb-tab-body-header.header-active{background-color:#5954d6 !important;color:#fff !important;}<\/style>","protected":false},"excerpt":{"rendered":"<p>Unser Angebot umfasst die&nbsp;fach\u00e4rztliche Abkl\u00e4rung, Beratung, Behandlung und&nbsp;Nachkontrolle onkologischer und h\u00e4matologischer Patienten mit Schwerpunkt auf der ambulanten Betreuung&nbsp;und Therapie in [&hellip;]<\/p>\n","protected":false},"author":1,"featured_media":0,"parent":0,"menu_order":0,"comment_status":"closed","ping_status":"closed","template":"","meta":{"advgb_blocks_editor_width":"","advgb_blocks_columns_visual_guide":"","site-sidebar-layout":"default","site-content-layout":"","ast-site-content-layout":"default","site-content-style":"default","site-sidebar-style":"default","ast-global-header-display":"","ast-banner-title-visibility":"","ast-main-header-display":"","ast-hfb-above-header-display":"","ast-hfb-below-header-display":"","ast-hfb-mobile-header-display":"","site-post-title":"","ast-breadcrumbs-content":"","ast-featured-img":"","footer-sml-layout":"","ast-disable-related-posts":"","theme-transparent-header-meta":"","adv-header-id-meta":"","stick-header-meta":"","header-above-stick-meta":"","header-main-stick-meta":"","header-below-stick-meta":"","astra-migrate-meta-layouts":"default","ast-page-background-enabled":"default","ast-page-background-meta":{"desktop":{"background-color":"var(--ast-global-color-5)","background-image":"","background-repeat":"repeat","background-position":"center center","background-size":"auto","background-attachment":"scroll","background-type":"","background-media":"","overlay-type":"","overlay-color":"","overlay-opacity":"","overlay-gradient":""},"tablet":{"background-color":"","background-image":"","background-repeat":"repeat","background-position":"center center","background-size":"auto","background-attachment":"scroll","background-type":"","background-media":"","overlay-type":"","overlay-color":"","overlay-opacity":"","overlay-gradient":""},"mobile":{"background-color":"","background-image":"","background-repeat":"repeat","background-position":"center center","background-size":"auto","background-attachment":"scroll","background-type":"","background-media":"","overlay-type":"","overlay-color":"","overlay-opacity":"","overlay-gradient":""}},"ast-content-background-meta":{"desktop":{"background-color":"var(--ast-global-color-4)","background-image":"","background-repeat":"repeat","background-position":"center center","background-size":"auto","background-attachment":"scroll","background-type":"","background-media":"","overlay-type":"","overlay-color":"","overlay-opacity":"","overlay-gradient":""},"tablet":{"background-color":"var(--ast-global-color-4)","background-image":"","background-repeat":"repeat","background-position":"center center","background-size":"auto","background-attachment":"scroll","background-type":"","background-media":"","overlay-type":"","overlay-color":"","overlay-opacity":"","overlay-gradient":""},"mobile":{"background-color":"var(--ast-global-color-4)","background-image":"","background-repeat":"repeat","background-position":"center center","background-size":"auto","background-attachment":"scroll","background-type":"","background-media":"","overlay-type":"","overlay-color":"","overlay-opacity":"","overlay-gradient":""}},"footnotes":""},"class_list":["post-35","page","type-page","status-publish","hentry"],"coauthors":[],"author_meta":{"author_link":"https:\/\/onkologie-bellevue.ch\/index.php\/author\/baettigoncologych\/","display_name":"admin"},"relative_dates":{"created":"Ver\u00f6ffentlicht 4\u00a0Monaten vor","modified":"Aktualisiert 2\u00a0Wochen vor"},"absolute_dates":{"created":"Ver\u00f6ffentlicht am 31.12.2025","modified":"Aktualisiert am 16.04.2026"},"absolute_dates_time":{"created":"Ver\u00f6ffentlicht am 31.12.2025 10:47","modified":"Aktualisiert am 16.04.2026 21:27"},"featured_img_caption":"","featured_img":false,"series_order":"","_links":{"self":[{"href":"https:\/\/onkologie-bellevue.ch\/index.php\/wp-json\/wp\/v2\/pages\/35","targetHints":{"allow":["GET"]}}],"collection":[{"href":"https:\/\/onkologie-bellevue.ch\/index.php\/wp-json\/wp\/v2\/pages"}],"about":[{"href":"https:\/\/onkologie-bellevue.ch\/index.php\/wp-json\/wp\/v2\/types\/page"}],"author":[{"embeddable":true,"href":"https:\/\/onkologie-bellevue.ch\/index.php\/wp-json\/wp\/v2\/users\/1"}],"replies":[{"embeddable":true,"href":"https:\/\/onkologie-bellevue.ch\/index.php\/wp-json\/wp\/v2\/comments?post=35"}],"version-history":[{"count":24,"href":"https:\/\/onkologie-bellevue.ch\/index.php\/wp-json\/wp\/v2\/pages\/35\/revisions"}],"predecessor-version":[{"id":612,"href":"https:\/\/onkologie-bellevue.ch\/index.php\/wp-json\/wp\/v2\/pages\/35\/revisions\/612"}],"wp:attachment":[{"href":"https:\/\/onkologie-bellevue.ch\/index.php\/wp-json\/wp\/v2\/media?parent=35"}],"curies":[{"name":"wp","href":"https:\/\/api.w.org\/{rel}","templated":true}]}}